{"id":984,"date":"2023-11-04T21:04:17","date_gmt":"2023-11-04T21:04:17","guid":{"rendered":"http:\/\/sasil.mx\/?page_id=984"},"modified":"2024-04-15T23:10:25","modified_gmt":"2024-04-15T23:10:25","slug":"certificaciones","status":"publish","type":"page","link":"https:\/\/sasil.mx\/?page_id=984&lang=es","title":{"rendered":"Certificaciones"},"content":{"rendered":"\t\t<div data-elementor-type=\"wp-page\" data-elementor-id=\"984\" class=\"elementor elementor-984\" data-elementor-post-type=\"page\">\n\t\t\t\t\t\t<section class=\"elementor-section elementor-top-section elementor-element elementor-element-def2b55 elementor-section-boxed elementor-section-height-default elementor-section-height-default wpr-particle-no wpr-jarallax-no wpr-parallax-no wpr-sticky-section-no\" data-id=\"def2b55\" data-element_type=\"section\" data-settings=\"{&quot;background_background&quot;:&quot;classic&quot;}\">\n\t\t\t\t\t\t<div class=\"elementor-container elementor-column-gap-default\">\n\t\t\t\t\t<div class=\"elementor-column elementor-col-100 elementor-top-column elementor-element elementor-element-88ab5f2\" data-id=\"88ab5f2\" data-element_type=\"column\">\n\t\t\t<div class=\"elementor-widget-wrap elementor-element-populated\">\n\t\t\t\t\t\t<div class=\"elementor-element elementor-element-ea2a0e1 elementor-widget elementor-widget-heading\" data-id=\"ea2a0e1\" data-element_type=\"widget\" data-widget_type=\"heading.default\">\n\t\t\t\t<div class=\"elementor-widget-container\">\n\t\t\t\t\t<h2 class=\"elementor-heading-title elementor-size-default\">Vivamos un mundo m\u00e1s<br> limpio y sustentable <br>para tu familia<\/h2>\t\t\t\t<\/div>\n\t\t\t\t<\/div>\n\t\t\t\t\t<\/div>\n\t\t<\/div>\n\t\t\t\t\t<\/div>\n\t\t<\/section>\n\t\t\t\t<section class=\"elementor-section elementor-top-section elementor-element elementor-element-f736ae0 elementor-section-content-middle elementor-section-boxed elementor-section-height-default elementor-section-height-default wpr-particle-no wpr-jarallax-no wpr-parallax-no wpr-sticky-section-no\" data-id=\"f736ae0\" data-element_type=\"section\">\n\t\t\t\t\t\t<div class=\"elementor-container elementor-column-gap-no\">\n\t\t\t\t\t<div class=\"elementor-column elementor-col-100 elementor-top-column elementor-element elementor-element-f23a0e6\" data-id=\"f23a0e6\" data-element_type=\"column\">\n\t\t\t<div class=\"elementor-widget-wrap elementor-element-populated\">\n\t\t\t\t\t\t<section class=\"elementor-section elementor-inner-section elementor-element elementor-element-6444e6c elementor-section-boxed elementor-section-height-default elementor-section-height-default wpr-particle-no wpr-jarallax-no wpr-parallax-no wpr-sticky-section-no\" data-id=\"6444e6c\" data-element_type=\"section\">\n\t\t\t\t\t\t<div class=\"elementor-container elementor-column-gap-no\">\n\t\t\t\t\t<div class=\"elementor-column elementor-col-50 elementor-inner-column elementor-element elementor-element-be6a7e5\" data-id=\"be6a7e5\" data-element_type=\"column\">\n\t\t\t<div class=\"elementor-widget-wrap elementor-element-populated\">\n\t\t\t\t\t\t<div class=\"elementor-element elementor-element-b7c9142 elementor-widget elementor-widget-heading\" data-id=\"b7c9142\" data-element_type=\"widget\" data-widget_type=\"heading.default\">\n\t\t\t\t<div class=\"elementor-widget-container\">\n\t\t\t\t\t<h2 class=\"elementor-heading-title elementor-size-default\">ISO 9001:2015<\/h2>\t\t\t\t<\/div>\n\t\t\t\t<\/div>\n\t\t\t\t<div class=\"elementor-element elementor-element-bda4ec8 elementor-widget elementor-widget-text-editor\" data-id=\"bda4ec8\" data-element_type=\"widget\" data-widget_type=\"text-editor.default\">\n\t\t\t\t<div class=\"elementor-widget-container\">\n\t\t\t\t\t\t\t\t\t<p>Este certificado expedido por T\u00dbV S\u00dbD Am\u00e9rica de M\u00e9xico SA de CV, valida que Detergentes y Jabones SASIL SAPI de CV, ha implementado un Sistema de Calidad\u00a0 que cumple con los requisitos de la norma internacional ISO 9001:2015, lo que asegura que los procesos que desarrollamos son adecuados, demuestra que estamos comprometidos con la satisfacci\u00f3n de nuestros clientes, buscando siempre\u00a0 ofrecer nuestros productos y servicios con altos est\u00e1ndares de calidad, el cumplimiento de objetivos, las normativas vigentes y la mejora continua.<\/p>\t\t\t\t\t\t\t\t<\/div>\n\t\t\t\t<\/div>\n\t\t\t\t\t<\/div>\n\t\t<\/div>\n\t\t\t\t<div class=\"elementor-column elementor-col-50 elementor-inner-column elementor-element elementor-element-124339d\" data-id=\"124339d\" data-element_type=\"column\">\n\t\t\t<div class=\"elementor-widget-wrap elementor-element-populated\">\n\t\t\t\t\t\t<section class=\"elementor-section elementor-inner-section elementor-element elementor-element-afbc480 elementor-section-boxed elementor-section-height-default elementor-section-height-default wpr-particle-no wpr-jarallax-no wpr-parallax-no wpr-sticky-section-no\" data-id=\"afbc480\" data-element_type=\"section\">\n\t\t\t\t\t\t<div class=\"elementor-container elementor-column-gap-default\">\n\t\t\t\t\t<div class=\"elementor-column elementor-col-100 elementor-inner-column elementor-element elementor-element-c7330cf\" data-id=\"c7330cf\" data-element_type=\"column\">\n\t\t\t<div class=\"elementor-widget-wrap elementor-element-populated\">\n\t\t\t\t\t\t<div class=\"elementor-element elementor-element-2420189 elementor-widget elementor-widget-image\" data-id=\"2420189\" data-element_type=\"widget\" data-widget_type=\"image.default\">\n\t\t\t\t<div class=\"elementor-widget-container\">\n\t\t\t\t\t\t\t\t\t\t\t\t\t\t\t<img decoding=\"async\" width=\"200\" height=\"200\" src=\"https:\/\/sasil.mx\/wp-content\/uploads\/2023\/09\/logo-iso-9000.png\" class=\"attachment-large size-large wp-image-308\" alt=\"\" srcset=\"https:\/\/sasil.mx\/wp-content\/uploads\/2023\/09\/logo-iso-9000.png 200w, https:\/\/sasil.mx\/wp-content\/uploads\/2023\/09\/logo-iso-9000-150x150.png 150w, https:\/\/sasil.mx\/wp-content\/uploads\/2023\/09\/logo-iso-9000-100x100.png 100w\" sizes=\"(max-width: 200px) 100vw, 200px\" \/>\t\t\t\t\t\t\t\t\t\t\t\t\t\t\t<\/div>\n\t\t\t\t<\/div>\n\t\t\t\t\t<\/div>\n\t\t<\/div>\n\t\t\t\t\t<\/div>\n\t\t<\/section>\n\t\t\t\t\t<\/div>\n\t\t<\/div>\n\t\t\t\t\t<\/div>\n\t\t<\/section>\n\t\t\t\t<section class=\"elementor-section elementor-inner-section elementor-element elementor-element-3ee0918 elementor-section-boxed elementor-section-height-default elementor-section-height-default wpr-particle-no wpr-jarallax-no wpr-parallax-no wpr-sticky-section-no\" data-id=\"3ee0918\" data-element_type=\"section\">\n\t\t\t\t\t\t<div class=\"elementor-container elementor-column-gap-no\">\n\t\t\t\t\t<div class=\"elementor-column elementor-col-50 elementor-inner-column elementor-element elementor-element-9d9f55f\" data-id=\"9d9f55f\" data-element_type=\"column\">\n\t\t\t<div class=\"elementor-widget-wrap elementor-element-populated\">\n\t\t\t\t\t\t<div class=\"elementor-element elementor-element-9845a27 elementor-widget elementor-widget-heading\" data-id=\"9845a27\" data-element_type=\"widget\" data-widget_type=\"heading.default\">\n\t\t\t\t<div class=\"elementor-widget-container\">\n\t\t\t\t\t<h2 class=\"elementor-heading-title elementor-size-default\">SEDEX<\/h2>\t\t\t\t<\/div>\n\t\t\t\t<\/div>\n\t\t\t\t<div class=\"elementor-element elementor-element-d1bab57 elementor-widget elementor-widget-text-editor\" data-id=\"d1bab57\" data-element_type=\"widget\" data-widget_type=\"text-editor.default\">\n\t\t\t\t<div class=\"elementor-widget-container\">\n\t\t\t\t\t\t\t\t\t<p>Somos orgullosos miembros\u00a0\u00a0de SEDEX, una Organizaci\u00f3n Global de Afiliados que se encarga de facilitar la creaci\u00f3n de negocios buenos para todo el mundo. La auditor\u00eda de comercio \u00e9tico de los miembros de Sedex (SMETA), es una auditor\u00eda que hace validaci\u00f3n de la calidad de nuestra empresa desde un aspecto \u00e9tico y social.\u00a0Abarca todos los aspectos de la pr\u00e1ctica empresarial responsable, cubriendo cuatro \u00e1reas de Trabajo, Salud y Seguridad, Medio Ambiente y \u00c9tica Empresarial<\/p>\t\t\t\t\t\t\t\t<\/div>\n\t\t\t\t<\/div>\n\t\t\t\t\t<\/div>\n\t\t<\/div>\n\t\t\t\t<div class=\"elementor-column elementor-col-50 elementor-inner-column elementor-element elementor-element-bcc937e\" data-id=\"bcc937e\" data-element_type=\"column\">\n\t\t\t<div class=\"elementor-widget-wrap elementor-element-populated\">\n\t\t\t\t\t\t<section class=\"elementor-section elementor-inner-section elementor-element elementor-element-569bfe7 elementor-section-boxed elementor-section-height-default elementor-section-height-default wpr-particle-no wpr-jarallax-no wpr-parallax-no wpr-sticky-section-no\" data-id=\"569bfe7\" data-element_type=\"section\">\n\t\t\t\t\t\t<div class=\"elementor-container elementor-column-gap-default\">\n\t\t\t\t\t<div class=\"elementor-column elementor-col-100 elementor-inner-column elementor-element elementor-element-5a49656\" data-id=\"5a49656\" data-element_type=\"column\">\n\t\t\t<div class=\"elementor-widget-wrap elementor-element-populated\">\n\t\t\t\t\t\t<div class=\"elementor-element elementor-element-cddd514 elementor-widget elementor-widget-image\" data-id=\"cddd514\" data-element_type=\"widget\" data-widget_type=\"image.default\">\n\t\t\t\t<div class=\"elementor-widget-container\">\n\t\t\t\t\t\t\t\t\t\t\t\t\t\t\t<img decoding=\"async\" width=\"200\" height=\"55\" src=\"https:\/\/sasil.mx\/wp-content\/uploads\/2023\/09\/logo-SEDEXy.png\" class=\"attachment-large size-large wp-image-309\" alt=\"\" \/>\t\t\t\t\t\t\t\t\t\t\t\t\t\t\t<\/div>\n\t\t\t\t<\/div>\n\t\t\t\t\t<\/div>\n\t\t<\/div>\n\t\t\t\t\t<\/div>\n\t\t<\/section>\n\t\t\t\t\t<\/div>\n\t\t<\/div>\n\t\t\t\t\t<\/div>\n\t\t<\/section>\n\t\t\t\t\t<\/div>\n\t\t<\/div>\n\t\t\t\t\t<\/div>\n\t\t<\/section>\n\t\t\t\t<\/div>\n\t\t","protected":false},"excerpt":{"rendered":"<p>Vivamos un mundo m\u00c3\u00a1s limpio y sustentable para tu familia ISO 9001:2015 Este certificado expedido por T\u00c3\u203aV S\u00c3\u203aD Am\u00c3\u00a9rica de M\u00c3\u00a9xico SA de CV, valida que Detergentes y Jabones SASIL SAPI de CV, ha implementado un Sistema de Calidad\u00c2\u00a0 que cumple con los requisitos de la norma internacional ISO 9001:2015, lo que asegura que los procesos que desarrollamos son adecuados, demuestra que estamos comprometidos con la satisfacci\u00c3\u00b3n de nuestros clientes, buscando siempre\u00c2\u00a0 ofrecer nuestros productos y servicios con altos est\u00c3\u00a1ndares de calidad, el cumplimiento de objetivos, las normativas vigentes y la mejora continua. SEDEX Somos orgullosos miembros\u00c2\u00a0\u00c2\u00a0de SEDEX, una Organizaci\u00c3\u00b3n Global de Afiliados que se encarga de facilitar la creaci\u00c3\u00b3n de negocios buenos para todo el mundo. La auditor\u00c3\u00ada de comercio \u00c3\u00a9tico de los miembros de Sedex (SMETA), es una auditor\u00c3\u00ada que hace validaci\u00c3\u00b3n de la calidad de nuestra empresa desde un aspecto \u00c3\u00a9tico y social.\u00c2\u00a0Abarca todos los aspectos de la pr\u00c3\u00a1ctica empresarial responsable, cubriendo cuatro \u00c3\u00a1reas de Trabajo, Salud y Seguridad, Medio Ambiente y \u00c3\u2030tica Empresarial<\/p>\n","protected":false},"author":1,"featured_media":0,"parent":0,"menu_order":0,"comment_status":"closed","ping_status":"closed","template":"elementor_header_footer","meta":{"footnotes":"","_wp_rev_ctl_limit":""},"class_list":["post-984","page","type-page","status-publish","hentry"],"yoast_head":"<!-- This site is optimized with the Yoast SEO plugin v25.5 - https:\/\/yoast.com\/wordpress\/plugins\/seo\/ -->\n<title>Certificaciones - SASIL<\/title>\n<meta name=\"robots\" content=\"index, follow, max-snippet:-1, max-image-preview:large, max-video-preview:-1\" \/>\n<link rel=\"canonical\" href=\"https:\/\/sasil.mx\/?page_id=984&lang=es\" \/>\n<meta property=\"og:locale\" content=\"es_MX\" \/>\n<meta property=\"og:type\" content=\"article\" \/>\n<meta property=\"og:title\" content=\"Certificaciones - SASIL\" \/>\n<meta property=\"og:description\" content=\"Vivamos un mundo m\u00c3\u00a1s limpio y sustentable para tu familia ISO 9001:2015 Este certificado expedido por T\u00c3\u203aV S\u00c3\u203aD Am\u00c3\u00a9rica de M\u00c3\u00a9xico SA de CV, valida que Detergentes y Jabones SASIL SAPI de CV, ha implementado un Sistema de Calidad\u00c2\u00a0 que cumple con los requisitos de la norma internacional ISO 9001:2015, lo que asegura que los procesos que desarrollamos son adecuados, demuestra que estamos comprometidos con la satisfacci\u00c3\u00b3n de nuestros clientes, buscando siempre\u00c2\u00a0 ofrecer nuestros productos y servicios con altos est\u00c3\u00a1ndares de calidad, el cumplimiento de objetivos, las normativas vigentes y la mejora continua. SEDEX Somos orgullosos miembros\u00c2\u00a0\u00c2\u00a0de SEDEX, una Organizaci\u00c3\u00b3n Global de Afiliados que se encarga de facilitar la creaci\u00c3\u00b3n de negocios buenos para todo el mundo. La auditor\u00c3\u00ada de comercio \u00c3\u00a9tico de los miembros de Sedex (SMETA), es una auditor\u00c3\u00ada que hace validaci\u00c3\u00b3n de la calidad de nuestra empresa desde un aspecto \u00c3\u00a9tico y social.\u00c2\u00a0Abarca todos los aspectos de la pr\u00c3\u00a1ctica empresarial responsable, cubriendo cuatro \u00c3\u00a1reas de Trabajo, Salud y Seguridad, Medio Ambiente y \u00c3\u2030tica Empresarial\" \/>\n<meta property=\"og:url\" content=\"https:\/\/sasil.mx\/?page_id=984&amp;lang=es\" \/>\n<meta property=\"og:site_name\" content=\"SASIL\" \/>\n<meta property=\"article:modified_time\" content=\"2024-04-15T23:10:25+00:00\" \/>\n<meta property=\"og:image\" content=\"http:\/\/sasil.mx\/wp-content\/uploads\/2023\/09\/logo-iso-9000.png\" \/>\n<meta name=\"twitter:card\" content=\"summary_large_image\" \/>\n<meta name=\"twitter:label1\" content=\"Tiempo de lectura\" \/>\n\t<meta name=\"twitter:data1\" content=\"2 minutos\" \/>\n<script type=\"application\/ld+json\" class=\"yoast-schema-graph\">{\"@context\":\"https:\/\/schema.org\",\"@graph\":[{\"@type\":\"WebPage\",\"@id\":\"https:\/\/sasil.mx\/?page_id=984&lang=es\",\"url\":\"https:\/\/sasil.mx\/?page_id=984&lang=es\",\"name\":\"Certificaciones - SASIL\",\"isPartOf\":{\"@id\":\"https:\/\/sasil.mx\/#website\"},\"primaryImageOfPage\":{\"@id\":\"https:\/\/sasil.mx\/?page_id=984&lang=es#primaryimage\"},\"image\":{\"@id\":\"https:\/\/sasil.mx\/?page_id=984&lang=es#primaryimage\"},\"thumbnailUrl\":\"http:\/\/sasil.mx\/wp-content\/uploads\/2023\/09\/logo-iso-9000.png\",\"datePublished\":\"2023-11-04T21:04:17+00:00\",\"dateModified\":\"2024-04-15T23:10:25+00:00\",\"breadcrumb\":{\"@id\":\"https:\/\/sasil.mx\/?page_id=984&lang=es#breadcrumb\"},\"inLanguage\":\"es\",\"potentialAction\":[{\"@type\":\"ReadAction\",\"target\":[\"https:\/\/sasil.mx\/?page_id=984&lang=es\"]}]},{\"@type\":\"ImageObject\",\"inLanguage\":\"es\",\"@id\":\"https:\/\/sasil.mx\/?page_id=984&lang=es#primaryimage\",\"url\":\"https:\/\/sasil.mx\/wp-content\/uploads\/2023\/09\/logo-iso-9000.png\",\"contentUrl\":\"https:\/\/sasil.mx\/wp-content\/uploads\/2023\/09\/logo-iso-9000.png\",\"width\":200,\"height\":200},{\"@type\":\"BreadcrumbList\",\"@id\":\"https:\/\/sasil.mx\/?page_id=984&lang=es#breadcrumb\",\"itemListElement\":[{\"@type\":\"ListItem\",\"position\":1,\"name\":\"Inicio\",\"item\":\"https:\/\/sasil.mx\/?lang=es\"},{\"@type\":\"ListItem\",\"position\":2,\"name\":\"Certificaciones\"}]},{\"@type\":\"WebSite\",\"@id\":\"https:\/\/sasil.mx\/#website\",\"url\":\"https:\/\/sasil.mx\/\",\"name\":\"SASIL\",\"description\":\"Detergentes y Jabones\",\"potentialAction\":[{\"@type\":\"SearchAction\",\"target\":{\"@type\":\"EntryPoint\",\"urlTemplate\":\"https:\/\/sasil.mx\/?s={search_term_string}\"},\"query-input\":{\"@type\":\"PropertyValueSpecification\",\"valueRequired\":true,\"valueName\":\"search_term_string\"}}],\"inLanguage\":\"es\"}]}<\/script>\n<!-- \/ Yoast SEO plugin. -->","yoast_head_json":{"title":"Certificaciones - SASIL","robots":{"index":"index","follow":"follow","max-snippet":"max-snippet:-1","max-image-preview":"max-image-preview:large","max-video-preview":"max-video-preview:-1"},"canonical":"https:\/\/sasil.mx\/?page_id=984&lang=es","og_locale":"es_MX","og_type":"article","og_title":"Certificaciones - SASIL","og_description":"Vivamos un mundo m\u00c3\u00a1s limpio y sustentable para tu familia ISO 9001:2015 Este certificado expedido por T\u00c3\u203aV S\u00c3\u203aD Am\u00c3\u00a9rica de M\u00c3\u00a9xico SA de CV, valida que Detergentes y Jabones SASIL SAPI de CV, ha implementado un Sistema de Calidad\u00c2\u00a0 que cumple con los requisitos de la norma internacional ISO 9001:2015, lo que asegura que los procesos que desarrollamos son adecuados, demuestra que estamos comprometidos con la satisfacci\u00c3\u00b3n de nuestros clientes, buscando siempre\u00c2\u00a0 ofrecer nuestros productos y servicios con altos est\u00c3\u00a1ndares de calidad, el cumplimiento de objetivos, las normativas vigentes y la mejora continua. SEDEX Somos orgullosos miembros\u00c2\u00a0\u00c2\u00a0de SEDEX, una Organizaci\u00c3\u00b3n Global de Afiliados que se encarga de facilitar la creaci\u00c3\u00b3n de negocios buenos para todo el mundo. La auditor\u00c3\u00ada de comercio \u00c3\u00a9tico de los miembros de Sedex (SMETA), es una auditor\u00c3\u00ada que hace validaci\u00c3\u00b3n de la calidad de nuestra empresa desde un aspecto \u00c3\u00a9tico y social.\u00c2\u00a0Abarca todos los aspectos de la pr\u00c3\u00a1ctica empresarial responsable, cubriendo cuatro \u00c3\u00a1reas de Trabajo, Salud y Seguridad, Medio Ambiente y \u00c3\u2030tica Empresarial","og_url":"https:\/\/sasil.mx\/?page_id=984&lang=es","og_site_name":"SASIL","article_modified_time":"2024-04-15T23:10:25+00:00","og_image":[{"url":"http:\/\/sasil.mx\/wp-content\/uploads\/2023\/09\/logo-iso-9000.png","type":"","width":"","height":""}],"twitter_card":"summary_large_image","twitter_misc":{"Tiempo de lectura":"2 minutos"},"schema":{"@context":"https:\/\/schema.org","@graph":[{"@type":"WebPage","@id":"https:\/\/sasil.mx\/?page_id=984&lang=es","url":"https:\/\/sasil.mx\/?page_id=984&lang=es","name":"Certificaciones - SASIL","isPartOf":{"@id":"https:\/\/sasil.mx\/#website"},"primaryImageOfPage":{"@id":"https:\/\/sasil.mx\/?page_id=984&lang=es#primaryimage"},"image":{"@id":"https:\/\/sasil.mx\/?page_id=984&lang=es#primaryimage"},"thumbnailUrl":"http:\/\/sasil.mx\/wp-content\/uploads\/2023\/09\/logo-iso-9000.png","datePublished":"2023-11-04T21:04:17+00:00","dateModified":"2024-04-15T23:10:25+00:00","breadcrumb":{"@id":"https:\/\/sasil.mx\/?page_id=984&lang=es#breadcrumb"},"inLanguage":"es","potentialAction":[{"@type":"ReadAction","target":["https:\/\/sasil.mx\/?page_id=984&lang=es"]}]},{"@type":"ImageObject","inLanguage":"es","@id":"https:\/\/sasil.mx\/?page_id=984&lang=es#primaryimage","url":"https:\/\/sasil.mx\/wp-content\/uploads\/2023\/09\/logo-iso-9000.png","contentUrl":"https:\/\/sasil.mx\/wp-content\/uploads\/2023\/09\/logo-iso-9000.png","width":200,"height":200},{"@type":"BreadcrumbList","@id":"https:\/\/sasil.mx\/?page_id=984&lang=es#breadcrumb","itemListElement":[{"@type":"ListItem","position":1,"name":"Inicio","item":"https:\/\/sasil.mx\/?lang=es"},{"@type":"ListItem","position":2,"name":"Certificaciones"}]},{"@type":"WebSite","@id":"https:\/\/sasil.mx\/#website","url":"https:\/\/sasil.mx\/","name":"SASIL","description":"Detergentes y Jabones","potentialAction":[{"@type":"SearchAction","target":{"@type":"EntryPoint","urlTemplate":"https:\/\/sasil.mx\/?s={search_term_string}"},"query-input":{"@type":"PropertyValueSpecification","valueRequired":true,"valueName":"search_term_string"}}],"inLanguage":"es"}]}},"lang":"es","translations":{"es":984,"en":3177},"pll_sync_post":[],"_links":{"self":[{"href":"https:\/\/sasil.mx\/index.php?rest_route=\/wp\/v2\/pages\/984","targetHints":{"allow":["GET"]}}],"collection":[{"href":"https:\/\/sasil.mx\/index.php?rest_route=\/wp\/v2\/pages"}],"about":[{"href":"https:\/\/sasil.mx\/index.php?rest_route=\/wp\/v2\/types\/page"}],"author":[{"embeddable":true,"href":"https:\/\/sasil.mx\/index.php?rest_route=\/wp\/v2\/users\/1"}],"replies":[{"embeddable":true,"href":"https:\/\/sasil.mx\/index.php?rest_route=%2Fwp%2Fv2%2Fcomments&post=984"}],"version-history":[{"count":0,"href":"https:\/\/sasil.mx\/index.php?rest_route=\/wp\/v2\/pages\/984\/revisions"}],"wp:attachment":[{"href":"https:\/\/sasil.mx\/index.php?rest_route=%2Fwp%2Fv2%2Fmedia&parent=984"}],"curies":[{"name":"wp","href":"https:\/\/api.w.org\/{rel}","templated":true}]}}