{"id":3177,"date":"2024-03-13T05:31:15","date_gmt":"2024-03-13T05:31:15","guid":{"rendered":"http:\/\/sasil.mx\/?page_id=3177"},"modified":"2024-03-13T05:32:55","modified_gmt":"2024-03-13T05:32:55","slug":"certifications","status":"publish","type":"page","link":"https:\/\/sasil.mx\/?page_id=3177&lang=en","title":{"rendered":"Certifications"},"content":{"rendered":"\t\t<div data-elementor-type=\"wp-page\" data-elementor-id=\"3177\" class=\"elementor elementor-3177\" data-elementor-post-type=\"page\">\n\t\t\t\t\t\t<section class=\"elementor-section elementor-top-section elementor-element elementor-element-def2b55 elementor-section-boxed elementor-section-height-default elementor-section-height-default wpr-particle-no wpr-jarallax-no wpr-parallax-no wpr-sticky-section-no\" data-id=\"def2b55\" data-element_type=\"section\" data-settings=\"{&quot;background_background&quot;:&quot;classic&quot;}\">\n\t\t\t\t\t\t<div class=\"elementor-container elementor-column-gap-default\">\n\t\t\t\t\t<div class=\"elementor-column elementor-col-100 elementor-top-column elementor-element elementor-element-88ab5f2\" data-id=\"88ab5f2\" data-element_type=\"column\">\n\t\t\t<div class=\"elementor-widget-wrap elementor-element-populated\">\n\t\t\t\t\t\t<div class=\"elementor-element elementor-element-ea2a0e1 elementor-widget elementor-widget-heading\" data-id=\"ea2a0e1\" data-element_type=\"widget\" data-widget_type=\"heading.default\">\n\t\t\t\t<div class=\"elementor-widget-container\">\n\t\t\t\t\t<h2 class=\"elementor-heading-title elementor-size-default\">Let's live a cleaner and more<br> sustainable world for your family<\/h2>\t\t\t\t<\/div>\n\t\t\t\t<\/div>\n\t\t\t\t\t<\/div>\n\t\t<\/div>\n\t\t\t\t\t<\/div>\n\t\t<\/section>\n\t\t\t\t<section class=\"elementor-section elementor-top-section elementor-element elementor-element-f736ae0 elementor-section-content-middle elementor-section-boxed elementor-section-height-default elementor-section-height-default wpr-particle-no wpr-jarallax-no wpr-parallax-no wpr-sticky-section-no\" data-id=\"f736ae0\" data-element_type=\"section\">\n\t\t\t\t\t\t<div class=\"elementor-container elementor-column-gap-no\">\n\t\t\t\t\t<div class=\"elementor-column elementor-col-100 elementor-top-column elementor-element elementor-element-f23a0e6\" data-id=\"f23a0e6\" data-element_type=\"column\">\n\t\t\t<div class=\"elementor-widget-wrap elementor-element-populated\">\n\t\t\t\t\t\t<section class=\"elementor-section elementor-inner-section elementor-element elementor-element-6444e6c elementor-section-boxed elementor-section-height-default elementor-section-height-default wpr-particle-no wpr-jarallax-no wpr-parallax-no wpr-sticky-section-no\" data-id=\"6444e6c\" data-element_type=\"section\">\n\t\t\t\t\t\t<div class=\"elementor-container elementor-column-gap-no\">\n\t\t\t\t\t<div class=\"elementor-column elementor-col-50 elementor-inner-column elementor-element elementor-element-be6a7e5\" data-id=\"be6a7e5\" data-element_type=\"column\">\n\t\t\t<div class=\"elementor-widget-wrap elementor-element-populated\">\n\t\t\t\t\t\t<div class=\"elementor-element elementor-element-b7c9142 elementor-widget elementor-widget-heading\" data-id=\"b7c9142\" data-element_type=\"widget\" data-widget_type=\"heading.default\">\n\t\t\t\t<div class=\"elementor-widget-container\">\n\t\t\t\t\t<h2 class=\"elementor-heading-title elementor-size-default\">ISO 9001:2015<\/h2>\t\t\t\t<\/div>\n\t\t\t\t<\/div>\n\t\t\t\t<div class=\"elementor-element elementor-element-bda4ec8 elementor-widget elementor-widget-text-editor\" data-id=\"bda4ec8\" data-element_type=\"widget\" data-widget_type=\"text-editor.default\">\n\t\t\t\t<div class=\"elementor-widget-container\">\n\t\t\t\t\t\t\t\t\t<p>This certificate issued by T\u00dbV S\u00dbD Am\u00e9rica de M\u00e9xico SA de CV, validates that Detergents and Soaps SASIL SAPI de CV, has implemented a Quality System that meets the requirements of the international standard ISO 9001:2015, which ensures that the processes that we develop are adequate, it shows that we are committed to the satisfaction of our customers, always seeking to offer our products and services with high quality standards, compliance with objectives, current regulations and continuous improvement.<\/p>\t\t\t\t\t\t\t\t<\/div>\n\t\t\t\t<\/div>\n\t\t\t\t\t<\/div>\n\t\t<\/div>\n\t\t\t\t<div class=\"elementor-column elementor-col-50 elementor-inner-column elementor-element elementor-element-124339d\" data-id=\"124339d\" data-element_type=\"column\">\n\t\t\t<div class=\"elementor-widget-wrap elementor-element-populated\">\n\t\t\t\t\t\t<section class=\"elementor-section elementor-inner-section elementor-element elementor-element-afbc480 elementor-section-boxed elementor-section-height-default elementor-section-height-default wpr-particle-no wpr-jarallax-no wpr-parallax-no wpr-sticky-section-no\" data-id=\"afbc480\" data-element_type=\"section\">\n\t\t\t\t\t\t<div class=\"elementor-container elementor-column-gap-default\">\n\t\t\t\t\t<div class=\"elementor-column elementor-col-100 elementor-inner-column elementor-element elementor-element-c7330cf\" data-id=\"c7330cf\" data-element_type=\"column\">\n\t\t\t<div class=\"elementor-widget-wrap elementor-element-populated\">\n\t\t\t\t\t\t<div class=\"elementor-element elementor-element-2420189 elementor-widget elementor-widget-image\" data-id=\"2420189\" data-element_type=\"widget\" data-widget_type=\"image.default\">\n\t\t\t\t<div class=\"elementor-widget-container\">\n\t\t\t\t\t\t\t\t\t\t\t\t\t\t\t<img decoding=\"async\" width=\"200\" height=\"200\" src=\"https:\/\/sasil.mx\/wp-content\/uploads\/2023\/09\/logo-iso-9000.png\" class=\"attachment-large size-large wp-image-308\" alt=\"\" srcset=\"https:\/\/sasil.mx\/wp-content\/uploads\/2023\/09\/logo-iso-9000.png 200w, https:\/\/sasil.mx\/wp-content\/uploads\/2023\/09\/logo-iso-9000-150x150.png 150w, https:\/\/sasil.mx\/wp-content\/uploads\/2023\/09\/logo-iso-9000-100x100.png 100w\" sizes=\"(max-width: 200px) 100vw, 200px\" \/>\t\t\t\t\t\t\t\t\t\t\t\t\t\t\t<\/div>\n\t\t\t\t<\/div>\n\t\t\t\t\t<\/div>\n\t\t<\/div>\n\t\t\t\t\t<\/div>\n\t\t<\/section>\n\t\t\t\t\t<\/div>\n\t\t<\/div>\n\t\t\t\t\t<\/div>\n\t\t<\/section>\n\t\t\t\t<section class=\"elementor-section elementor-inner-section elementor-element elementor-element-3ee0918 elementor-section-boxed elementor-section-height-default elementor-section-height-default wpr-particle-no wpr-jarallax-no wpr-parallax-no wpr-sticky-section-no\" data-id=\"3ee0918\" data-element_type=\"section\">\n\t\t\t\t\t\t<div class=\"elementor-container elementor-column-gap-no\">\n\t\t\t\t\t<div class=\"elementor-column elementor-col-50 elementor-inner-column elementor-element elementor-element-9d9f55f\" data-id=\"9d9f55f\" data-element_type=\"column\">\n\t\t\t<div class=\"elementor-widget-wrap elementor-element-populated\">\n\t\t\t\t\t\t<div class=\"elementor-element elementor-element-9845a27 elementor-widget elementor-widget-heading\" data-id=\"9845a27\" data-element_type=\"widget\" data-widget_type=\"heading.default\">\n\t\t\t\t<div class=\"elementor-widget-container\">\n\t\t\t\t\t<h2 class=\"elementor-heading-title elementor-size-default\">SEDEX<\/h2>\t\t\t\t<\/div>\n\t\t\t\t<\/div>\n\t\t\t\t<div class=\"elementor-element elementor-element-d1bab57 elementor-widget elementor-widget-text-editor\" data-id=\"d1bab57\" data-element_type=\"widget\" data-widget_type=\"text-editor.default\">\n\t\t\t\t<div class=\"elementor-widget-container\">\n\t\t\t\t\t\t\t\t\t<p>We are proud members\u00a0\u00a0of SEDEX, a Global Affiliate Organization that is responsible for facilitating the creation of good businesses for everyone. The Sedex Member Ethical Trade Audit (SMETA) is an audit that validates the quality of our company from an ethical and social aspect. It covers all aspects of responsible business practice, covering four areas of Work, Health and Safety, Environment and Business Ethics<\/p>\t\t\t\t\t\t\t\t<\/div>\n\t\t\t\t<\/div>\n\t\t\t\t\t<\/div>\n\t\t<\/div>\n\t\t\t\t<div class=\"elementor-column elementor-col-50 elementor-inner-column elementor-element elementor-element-bcc937e\" data-id=\"bcc937e\" data-element_type=\"column\">\n\t\t\t<div class=\"elementor-widget-wrap elementor-element-populated\">\n\t\t\t\t\t\t<section class=\"elementor-section elementor-inner-section elementor-element elementor-element-569bfe7 elementor-section-boxed elementor-section-height-default elementor-section-height-default wpr-particle-no wpr-jarallax-no wpr-parallax-no wpr-sticky-section-no\" data-id=\"569bfe7\" data-element_type=\"section\">\n\t\t\t\t\t\t<div class=\"elementor-container elementor-column-gap-default\">\n\t\t\t\t\t<div class=\"elementor-column elementor-col-100 elementor-inner-column elementor-element elementor-element-5a49656\" data-id=\"5a49656\" data-element_type=\"column\">\n\t\t\t<div class=\"elementor-widget-wrap elementor-element-populated\">\n\t\t\t\t\t\t<div class=\"elementor-element elementor-element-cddd514 elementor-widget elementor-widget-image\" data-id=\"cddd514\" data-element_type=\"widget\" data-widget_type=\"image.default\">\n\t\t\t\t<div class=\"elementor-widget-container\">\n\t\t\t\t\t\t\t\t\t\t\t\t\t\t\t<img decoding=\"async\" width=\"200\" height=\"55\" src=\"https:\/\/sasil.mx\/wp-content\/uploads\/2023\/09\/logo-SEDEXy.png\" class=\"attachment-large size-large wp-image-309\" alt=\"\" \/>\t\t\t\t\t\t\t\t\t\t\t\t\t\t\t<\/div>\n\t\t\t\t<\/div>\n\t\t\t\t\t<\/div>\n\t\t<\/div>\n\t\t\t\t\t<\/div>\n\t\t<\/section>\n\t\t\t\t\t<\/div>\n\t\t<\/div>\n\t\t\t\t\t<\/div>\n\t\t<\/section>\n\t\t\t\t\t<\/div>\n\t\t<\/div>\n\t\t\t\t\t<\/div>\n\t\t<\/section>\n\t\t\t\t<\/div>\n\t\t","protected":false},"excerpt":{"rendered":"<p>Let&#8217;s live a cleaner and more sustainable world for your family ISO 9001:2015 This certificate issued by T\u00c3\u203aV S\u00c3\u203aD Am\u00c3\u00a9rica de M\u00c3\u00a9xico SA de CV, validates that Detergents and Soaps SASIL SAPI de CV, has implemented a Quality System that meets the requirements of the international standard ISO 9001:2015, which ensures that the processes that we develop are adequate, it shows that we are committed to the satisfaction of our customers, always seeking to offer our products and services with high quality standards, compliance with objectives, current regulations and continuous improvement. SEDEX We are proud members\u00c2\u00a0\u00c2\u00a0of SEDEX, a Global Affiliate Organization that is responsible for facilitating the creation of good businesses for everyone. The Sedex Member Ethical Trade Audit (SMETA) is an audit that validates the quality of our company from an ethical and social aspect. It covers all aspects of responsible business practice, covering four areas of Work, Health and Safety, Environment and Business Ethics<\/p>\n","protected":false},"author":1,"featured_media":0,"parent":0,"menu_order":0,"comment_status":"closed","ping_status":"closed","template":"elementor_header_footer","meta":{"footnotes":"","_wp_rev_ctl_limit":""},"class_list":["post-3177","page","type-page","status-publish","hentry"],"yoast_head":"<!-- This site is optimized with the Yoast SEO plugin v25.5 - https:\/\/yoast.com\/wordpress\/plugins\/seo\/ -->\n<title>Certifications - SASIL<\/title>\n<meta name=\"robots\" content=\"index, follow, max-snippet:-1, max-image-preview:large, max-video-preview:-1\" \/>\n<link rel=\"canonical\" href=\"https:\/\/sasil.mx\/?page_id=3177&lang=en\" \/>\n<meta property=\"og:locale\" content=\"es_MX\" \/>\n<meta property=\"og:type\" content=\"article\" \/>\n<meta property=\"og:title\" content=\"Certifications - SASIL\" \/>\n<meta property=\"og:description\" content=\"Let&#8217;s live a cleaner and more sustainable world for your family ISO 9001:2015 This certificate issued by T\u00c3\u203aV S\u00c3\u203aD Am\u00c3\u00a9rica de M\u00c3\u00a9xico SA de CV, validates that Detergents and Soaps SASIL SAPI de CV, has implemented a Quality System that meets the requirements of the international standard ISO 9001:2015, which ensures that the processes that we develop are adequate, it shows that we are committed to the satisfaction of our customers, always seeking to offer our products and services with high quality standards, compliance with objectives, current regulations and continuous improvement. SEDEX We are proud members\u00c2\u00a0\u00c2\u00a0of SEDEX, a Global Affiliate Organization that is responsible for facilitating the creation of good businesses for everyone. The Sedex Member Ethical Trade Audit (SMETA) is an audit that validates the quality of our company from an ethical and social aspect. It covers all aspects of responsible business practice, covering four areas of Work, Health and Safety, Environment and Business Ethics\" \/>\n<meta property=\"og:url\" content=\"https:\/\/sasil.mx\/?page_id=3177&amp;lang=en\" \/>\n<meta property=\"og:site_name\" content=\"SASIL\" \/>\n<meta property=\"article:modified_time\" content=\"2024-03-13T05:32:55+00:00\" \/>\n<meta property=\"og:image\" content=\"http:\/\/sasil.mx\/wp-content\/uploads\/2023\/09\/logo-iso-9000.png\" \/>\n<meta name=\"twitter:card\" content=\"summary_large_image\" \/>\n<meta name=\"twitter:label1\" content=\"Tiempo de lectura\" \/>\n\t<meta name=\"twitter:data1\" content=\"2 minutos\" \/>\n<script type=\"application\/ld+json\" class=\"yoast-schema-graph\">{\"@context\":\"https:\/\/schema.org\",\"@graph\":[{\"@type\":\"WebPage\",\"@id\":\"https:\/\/sasil.mx\/?page_id=3177&lang=en\",\"url\":\"https:\/\/sasil.mx\/?page_id=3177&lang=en\",\"name\":\"Certifications - SASIL\",\"isPartOf\":{\"@id\":\"https:\/\/sasil.mx\/#website\"},\"primaryImageOfPage\":{\"@id\":\"https:\/\/sasil.mx\/?page_id=3177&lang=en#primaryimage\"},\"image\":{\"@id\":\"https:\/\/sasil.mx\/?page_id=3177&lang=en#primaryimage\"},\"thumbnailUrl\":\"http:\/\/sasil.mx\/wp-content\/uploads\/2023\/09\/logo-iso-9000.png\",\"datePublished\":\"2024-03-13T05:31:15+00:00\",\"dateModified\":\"2024-03-13T05:32:55+00:00\",\"breadcrumb\":{\"@id\":\"https:\/\/sasil.mx\/?page_id=3177&lang=en#breadcrumb\"},\"inLanguage\":\"es\",\"potentialAction\":[{\"@type\":\"ReadAction\",\"target\":[\"https:\/\/sasil.mx\/?page_id=3177&lang=en\"]}]},{\"@type\":\"ImageObject\",\"inLanguage\":\"es\",\"@id\":\"https:\/\/sasil.mx\/?page_id=3177&lang=en#primaryimage\",\"url\":\"https:\/\/sasil.mx\/wp-content\/uploads\/2023\/09\/logo-iso-9000.png\",\"contentUrl\":\"https:\/\/sasil.mx\/wp-content\/uploads\/2023\/09\/logo-iso-9000.png\",\"width\":200,\"height\":200},{\"@type\":\"BreadcrumbList\",\"@id\":\"https:\/\/sasil.mx\/?page_id=3177&lang=en#breadcrumb\",\"itemListElement\":[{\"@type\":\"ListItem\",\"position\":1,\"name\":\"Inicio\",\"item\":\"https:\/\/sasil.mx\/?lang=es\"},{\"@type\":\"ListItem\",\"position\":2,\"name\":\"Certifications\"}]},{\"@type\":\"WebSite\",\"@id\":\"https:\/\/sasil.mx\/#website\",\"url\":\"https:\/\/sasil.mx\/\",\"name\":\"SASIL\",\"description\":\"Detergentes y Jabones\",\"potentialAction\":[{\"@type\":\"SearchAction\",\"target\":{\"@type\":\"EntryPoint\",\"urlTemplate\":\"https:\/\/sasil.mx\/?s={search_term_string}\"},\"query-input\":{\"@type\":\"PropertyValueSpecification\",\"valueRequired\":true,\"valueName\":\"search_term_string\"}}],\"inLanguage\":\"es\"}]}<\/script>\n<!-- \/ Yoast SEO plugin. -->","yoast_head_json":{"title":"Certifications - SASIL","robots":{"index":"index","follow":"follow","max-snippet":"max-snippet:-1","max-image-preview":"max-image-preview:large","max-video-preview":"max-video-preview:-1"},"canonical":"https:\/\/sasil.mx\/?page_id=3177&lang=en","og_locale":"es_MX","og_type":"article","og_title":"Certifications - SASIL","og_description":"Let&#8217;s live a cleaner and more sustainable world for your family ISO 9001:2015 This certificate issued by T\u00c3\u203aV S\u00c3\u203aD Am\u00c3\u00a9rica de M\u00c3\u00a9xico SA de CV, validates that Detergents and Soaps SASIL SAPI de CV, has implemented a Quality System that meets the requirements of the international standard ISO 9001:2015, which ensures that the processes that we develop are adequate, it shows that we are committed to the satisfaction of our customers, always seeking to offer our products and services with high quality standards, compliance with objectives, current regulations and continuous improvement. SEDEX We are proud members\u00c2\u00a0\u00c2\u00a0of SEDEX, a Global Affiliate Organization that is responsible for facilitating the creation of good businesses for everyone. The Sedex Member Ethical Trade Audit (SMETA) is an audit that validates the quality of our company from an ethical and social aspect. It covers all aspects of responsible business practice, covering four areas of Work, Health and Safety, Environment and Business Ethics","og_url":"https:\/\/sasil.mx\/?page_id=3177&lang=en","og_site_name":"SASIL","article_modified_time":"2024-03-13T05:32:55+00:00","og_image":[{"url":"http:\/\/sasil.mx\/wp-content\/uploads\/2023\/09\/logo-iso-9000.png","type":"","width":"","height":""}],"twitter_card":"summary_large_image","twitter_misc":{"Tiempo de lectura":"2 minutos"},"schema":{"@context":"https:\/\/schema.org","@graph":[{"@type":"WebPage","@id":"https:\/\/sasil.mx\/?page_id=3177&lang=en","url":"https:\/\/sasil.mx\/?page_id=3177&lang=en","name":"Certifications - SASIL","isPartOf":{"@id":"https:\/\/sasil.mx\/#website"},"primaryImageOfPage":{"@id":"https:\/\/sasil.mx\/?page_id=3177&lang=en#primaryimage"},"image":{"@id":"https:\/\/sasil.mx\/?page_id=3177&lang=en#primaryimage"},"thumbnailUrl":"http:\/\/sasil.mx\/wp-content\/uploads\/2023\/09\/logo-iso-9000.png","datePublished":"2024-03-13T05:31:15+00:00","dateModified":"2024-03-13T05:32:55+00:00","breadcrumb":{"@id":"https:\/\/sasil.mx\/?page_id=3177&lang=en#breadcrumb"},"inLanguage":"es","potentialAction":[{"@type":"ReadAction","target":["https:\/\/sasil.mx\/?page_id=3177&lang=en"]}]},{"@type":"ImageObject","inLanguage":"es","@id":"https:\/\/sasil.mx\/?page_id=3177&lang=en#primaryimage","url":"https:\/\/sasil.mx\/wp-content\/uploads\/2023\/09\/logo-iso-9000.png","contentUrl":"https:\/\/sasil.mx\/wp-content\/uploads\/2023\/09\/logo-iso-9000.png","width":200,"height":200},{"@type":"BreadcrumbList","@id":"https:\/\/sasil.mx\/?page_id=3177&lang=en#breadcrumb","itemListElement":[{"@type":"ListItem","position":1,"name":"Inicio","item":"https:\/\/sasil.mx\/?lang=es"},{"@type":"ListItem","position":2,"name":"Certifications"}]},{"@type":"WebSite","@id":"https:\/\/sasil.mx\/#website","url":"https:\/\/sasil.mx\/","name":"SASIL","description":"Detergentes y Jabones","potentialAction":[{"@type":"SearchAction","target":{"@type":"EntryPoint","urlTemplate":"https:\/\/sasil.mx\/?s={search_term_string}"},"query-input":{"@type":"PropertyValueSpecification","valueRequired":true,"valueName":"search_term_string"}}],"inLanguage":"es"}]}},"lang":"en","translations":{"en":3177,"es":984},"pll_sync_post":[],"_links":{"self":[{"href":"https:\/\/sasil.mx\/index.php?rest_route=\/wp\/v2\/pages\/3177","targetHints":{"allow":["GET"]}}],"collection":[{"href":"https:\/\/sasil.mx\/index.php?rest_route=\/wp\/v2\/pages"}],"about":[{"href":"https:\/\/sasil.mx\/index.php?rest_route=\/wp\/v2\/types\/page"}],"author":[{"embeddable":true,"href":"https:\/\/sasil.mx\/index.php?rest_route=\/wp\/v2\/users\/1"}],"replies":[{"embeddable":true,"href":"https:\/\/sasil.mx\/index.php?rest_route=%2Fwp%2Fv2%2Fcomments&post=3177"}],"version-history":[{"count":4,"href":"https:\/\/sasil.mx\/index.php?rest_route=\/wp\/v2\/pages\/3177\/revisions"}],"predecessor-version":[{"id":3181,"href":"https:\/\/sasil.mx\/index.php?rest_route=\/wp\/v2\/pages\/3177\/revisions\/3181"}],"wp:attachment":[{"href":"https:\/\/sasil.mx\/index.php?rest_route=%2Fwp%2Fv2%2Fmedia&parent=3177"}],"curies":[{"name":"wp","href":"https:\/\/api.w.org\/{rel}","templated":true}]}}