{"id":2239,"date":"2023-12-16T07:34:20","date_gmt":"2023-12-16T07:34:20","guid":{"rendered":"http:\/\/sasil.mx\/?page_id=2239"},"modified":"2024-04-19T16:01:40","modified_gmt":"2024-04-19T16:01:40","slug":"detergentes-lavatrastes","status":"publish","type":"page","link":"https:\/\/sasil.mx\/?page_id=2239&lang=es","title":{"rendered":"Detergentes lavatrastes"},"content":{"rendered":"\t\t<div data-elementor-type=\"wp-page\" data-elementor-id=\"2239\" class=\"elementor elementor-2239\" data-elementor-post-type=\"page\">\n\t\t\t\t\t\t<section class=\"elementor-section elementor-top-section elementor-element elementor-element-1ed1227 elementor-section-full_width elementor-section-height-min-height elementor-section-items-top elementor-section-height-default wpr-particle-no wpr-jarallax-no wpr-parallax-no wpr-sticky-section-no\" data-id=\"1ed1227\" data-element_type=\"section\" data-settings=\"{&quot;background_background&quot;:&quot;classic&quot;}\">\n\t\t\t\t\t\t<div class=\"elementor-container elementor-column-gap-default\">\n\t\t\t\t\t<div class=\"elementor-column elementor-col-50 elementor-top-column elementor-element elementor-element-83729da\" data-id=\"83729da\" data-element_type=\"column\">\n\t\t\t<div class=\"elementor-widget-wrap elementor-element-populated\">\n\t\t\t\t\t\t<div class=\"elementor-element elementor-element-d94aea2 elementor-widget-tablet__width-initial elementor-widget elementor-widget-heading\" data-id=\"d94aea2\" data-element_type=\"widget\" data-widget_type=\"heading.default\">\n\t\t\t\t<div class=\"elementor-widget-container\">\n\t\t\t\t\t<h3 class=\"elementor-heading-title elementor-size-medium\"><br>lavatrastes<\/h3>\t\t\t\t<\/div>\n\t\t\t\t<\/div>\n\t\t\t\t\t<\/div>\n\t\t<\/div>\n\t\t\t\t<div class=\"elementor-column elementor-col-50 elementor-top-column elementor-element elementor-element-74f5aed\" data-id=\"74f5aed\" data-element_type=\"column\">\n\t\t\t<div class=\"elementor-widget-wrap elementor-element-populated\">\n\t\t\t\t\t\t\t<\/div>\n\t\t<\/div>\n\t\t\t\t\t<\/div>\n\t\t<\/section>\n\t\t\t\t<section class=\"elementor-section elementor-top-section elementor-element elementor-element-19c297d elementor-section-content-middle st5tabstours elementor-section-full_width elementor-section-height-default elementor-section-height-default wpr-particle-no wpr-jarallax-no wpr-parallax-no wpr-sticky-section-no\" data-id=\"19c297d\" data-element_type=\"section\">\n\t\t\t\t\t\t<div class=\"elementor-container elementor-column-gap-default\">\n\t\t\t\t\t<div class=\"elementor-column elementor-col-100 elementor-top-column elementor-element elementor-element-f4182a3\" data-id=\"f4182a3\" data-element_type=\"column\">\n\t\t\t<div class=\"elementor-widget-wrap elementor-element-populated\">\n\t\t\t\t\t\t<div class=\"elementor-element elementor-element-7ddc1dc text-center elementor-widget elementor-widget-tp-heading-title\" data-id=\"7ddc1dc\" data-element_type=\"widget\" data-widget_type=\"tp-heading-title.default\">\n\t\t\t\t<div class=\"elementor-widget-container\">\n\t\t\t\t\t<div class=\"heading heading_style heading_style69dfa316b5fb9 style-2 \" ><div class=\"sub-style \"  ><div class=\"head-title \" > <h2  class=\"heading-title   \"   data-hover=\"Lavatrastes\">Lavatrastes<\/h2><\/div><\/div><\/div>\t\t\t\t<\/div>\n\t\t\t\t<\/div>\n\t\t\t\t<div class=\"elementor-element elementor-element-8b62be0 elementor-tabs-view-horizontal elementor-widget elementor-widget-tp-tabs-tours\" data-id=\"8b62be0\" data-element_type=\"widget\" data-widget_type=\"tp-tabs-tours.default\">\n\t\t\t\t<div class=\"elementor-widget-container\">\n\t\t\t\t\t<div class=\"theplus-tabs-wrapper  tp-tab-arrow-show elementor-tabs  mobile-accordion    \" id=\"tabs69dfa316c8f7b\" data-tabs-id=\"tabs69dfa316c8f7b\"  data-connection=\"\"   data-tab-default=\"0\" data-tab-hover=\"no\"  role=\"tablist\"><div class=\"theplus-tabs-nav-wrapper elementor-tabs-wrapper text-center align-top   tpc-top tpc-horizontal \"><ul class=\"plus-tabs-nav      \"><li class=\"\"><div id=\"elementor-tab-title-1461\" class=\"elementor-tab-title elementor-tab-desktop-title plus-tab-header \" data-tab=\"1\" tabindex=\"1461\" role=\"tab\" aria-controls=\"elementor-tab-content-1461\"><span>Traz<\/span><\/div><\/li><\/ul><\/div><div class=\"theplus-tabs-content-wrapper  elementor-tabs-content-wrapper\"><div class=\"elementor-tab-title elementor-tab-mobile-title text-center \" tabindex=\"1461\" data-tab=\"1\" role=\"tab\"><span>Traz<\/span><\/div><div class=\"elementor-tab-content elementor-clearfix plus-tab-content\" data-tab=\"1\" role=\"tabpanel\"><div class=\"plus-content-editor\">\t\t<div data-elementor-type=\"loop-item\" data-elementor-id=\"2307\" class=\"elementor elementor-2307 e-loop-item e-loop-item-2239 post-2239 page type-page status-publish hentry\" data-elementor-post-type=\"elementor_library\" data-custom-edit-handle=\"1\">\n\t\t\t\t\t<section class=\"elementor-section elementor-top-section elementor-element elementor-element-41588db elementor-section-boxed elementor-section-height-default elementor-section-height-default wpr-particle-no wpr-jarallax-no wpr-parallax-no wpr-sticky-section-no\" data-id=\"41588db\" data-element_type=\"section\">\n\t\t\t\t\t\t<div class=\"elementor-container elementor-column-gap-default\">\n\t\t\t\t\t<div class=\"elementor-column elementor-col-33 elementor-top-column elementor-element elementor-element-409efdf\" data-id=\"409efdf\" data-element_type=\"column\">\n\t\t\t<div class=\"elementor-widget-wrap elementor-element-populated\">\n\t\t\t\t\t\t<div class=\"elementor-element elementor-element-9ff3f01 elementor-widget elementor-widget-heading\" data-id=\"9ff3f01\" data-element_type=\"widget\" data-widget_type=\"heading.default\">\n\t\t\t\t<div class=\"elementor-widget-container\">\n\t\t\t\t\t<h2 class=\"elementor-heading-title elementor-size-default\">Traz<\/h2>\t\t\t\t<\/div>\n\t\t\t\t<\/div>\n\t\t\t\t<div class=\"elementor-element elementor-element-1d8bb3f elementor-widget elementor-widget-text-editor\" data-id=\"1d8bb3f\" data-element_type=\"widget\" data-widget_type=\"text-editor.default\">\n\t\t\t\t<div class=\"elementor-widget-container\">\n\t\t\t\t\t\t\t\t\t<p>Traz lavatrastes con f\u00f3rmula concentrada limpia, elimina la grasa y el cochambre dejando tus trastes libres de manchas dif\u00edciles, contiene ingredientes naturales, que no maltrata tus manos, encu\u00e9ntralos en sus diferentes aromas lim\u00f3n y aloe.<br \/><br \/><\/p><p>\u2022 Poder Quita Grasa<br \/>\u2022 Biodegradable.<br \/>\u2022 Aromas lim\u00f3n aloe.<br \/>\u2022 Con ingredientes naturales que no maltratan tus manos.<\/p>\t\t\t\t\t\t\t\t<\/div>\n\t\t\t\t<\/div>\n\t\t\t\t\t<\/div>\n\t\t<\/div>\n\t\t\t\t<div class=\"elementor-column elementor-col-33 elementor-top-column elementor-element elementor-element-b44981f\" data-id=\"b44981f\" data-element_type=\"column\">\n\t\t\t<div class=\"elementor-widget-wrap elementor-element-populated\">\n\t\t\t\t\t\t<div class=\"elementor-element elementor-element-62fa163 elementor-arrows-position-inside elementor-widget elementor-widget-image-carousel\" data-id=\"62fa163\" data-element_type=\"widget\" data-settings=\"{&quot;slides_to_show&quot;:&quot;1&quot;,&quot;navigation&quot;:&quot;arrows&quot;,&quot;effect&quot;:&quot;fade&quot;,&quot;autoplay&quot;:&quot;yes&quot;,&quot;pause_on_hover&quot;:&quot;yes&quot;,&quot;pause_on_interaction&quot;:&quot;yes&quot;,&quot;autoplay_speed&quot;:5000,&quot;infinite&quot;:&quot;yes&quot;,&quot;speed&quot;:500}\" data-widget_type=\"image-carousel.default\">\n\t\t\t\t<div class=\"elementor-widget-container\">\n\t\t\t\t\t\t\t<div class=\"elementor-image-carousel-wrapper swiper\" role=\"region\" aria-roledescription=\"carousel\" aria-label=\"Carrusel de Im\u00e1genes\" dir=\"ltr\">\n\t\t\t<div class=\"elementor-image-carousel swiper-wrapper\" aria-live=\"off\">\n\t\t\t\t\t\t\t\t<div class=\"swiper-slide\" role=\"group\" aria-roledescription=\"slide\" aria-label=\"1 de 6\"><figure class=\"swiper-slide-inner\"><img decoding=\"async\" class=\"swiper-slide-image\" src=\"https:\/\/sasil.mx\/wp-content\/uploads\/2023\/11\/limon.png\" alt=\"limon\" \/><\/figure><\/div><div class=\"swiper-slide\" role=\"group\" aria-roledescription=\"slide\" aria-label=\"2 de 6\"><figure class=\"swiper-slide-inner\"><img decoding=\"async\" class=\"swiper-slide-image\" src=\"https:\/\/sasil.mx\/wp-content\/uploads\/2023\/11\/aloe.png\" alt=\"aloe\" \/><\/figure><\/div><div class=\"swiper-slide\" role=\"group\" aria-roledescription=\"slide\" aria-label=\"3 de 6\"><figure class=\"swiper-slide-inner\"><img decoding=\"async\" class=\"swiper-slide-image\" src=\"https:\/\/sasil.mx\/wp-content\/uploads\/2023\/11\/citrus.png\" alt=\"citrus\" \/><\/figure><\/div><div class=\"swiper-slide\" role=\"group\" aria-roledescription=\"slide\" aria-label=\"4 de 6\"><figure class=\"swiper-slide-inner\"><img decoding=\"async\" class=\"swiper-slide-image\" src=\"https:\/\/sasil.mx\/wp-content\/uploads\/2023\/11\/activo.png\" alt=\"activo\" \/><\/figure><\/div><div class=\"swiper-slide\" role=\"group\" aria-roledescription=\"slide\" aria-label=\"5 de 6\"><figure class=\"swiper-slide-inner\"><img decoding=\"async\" class=\"swiper-slide-image\" src=\"https:\/\/sasil.mx\/wp-content\/uploads\/2024\/02\/traz-limon.jpg\" alt=\"traz-limon\" \/><\/figure><\/div><div class=\"swiper-slide\" role=\"group\" aria-roledescription=\"slide\" aria-label=\"6 de 6\"><figure class=\"swiper-slide-inner\"><img decoding=\"async\" class=\"swiper-slide-image\" src=\"https:\/\/sasil.mx\/wp-content\/uploads\/2024\/02\/traz-naranja.jpg\" alt=\"traz-naranja\" \/><\/figure><\/div>\t\t\t<\/div>\n\t\t\t\t\t\t\t\t\t\t\t\t<div class=\"elementor-swiper-button elementor-swiper-button-prev\" role=\"button\" tabindex=\"0\">\n\t\t\t\t\t\t<i aria-hidden=\"true\" class=\"eicon-chevron-left\"><\/i>\t\t\t\t\t<\/div>\n\t\t\t\t\t<div class=\"elementor-swiper-button elementor-swiper-button-next\" role=\"button\" tabindex=\"0\">\n\t\t\t\t\t\t<i aria-hidden=\"true\" class=\"eicon-chevron-right\"><\/i>\t\t\t\t\t<\/div>\n\t\t\t\t\n\t\t\t\t\t\t\t\t\t<\/div>\n\t\t\t\t\t\t<\/div>\n\t\t\t\t<\/div>\n\t\t\t\t\t<\/div>\n\t\t<\/div>\n\t\t\t\t<div class=\"elementor-column elementor-col-33 elementor-top-column elementor-element elementor-element-8565c39\" data-id=\"8565c39\" data-element_type=\"column\">\n\t\t\t<div class=\"elementor-widget-wrap elementor-element-populated\">\n\t\t\t\t\t\t<div class=\"elementor-element elementor-element-b7b6698 elementor-widget elementor-widget-heading\" data-id=\"b7b6698\" data-element_type=\"widget\" data-widget_type=\"heading.default\">\n\t\t\t\t<div class=\"elementor-widget-container\">\n\t\t\t\t\t<h2 class=\"elementor-heading-title elementor-size-default\">Presentaci\u00f3n:<\/h2>\t\t\t\t<\/div>\n\t\t\t\t<\/div>\n\t\t\t\t<div class=\"elementor-element elementor-element-3821db6 elementor-view-framed elementor-position-left elementor-shape-circle elementor-mobile-position-top elementor-vertical-align-top elementor-widget elementor-widget-icon-box\" data-id=\"3821db6\" data-element_type=\"widget\" data-widget_type=\"icon-box.default\">\n\t\t\t\t<div class=\"elementor-widget-container\">\n\t\t\t\t\t\t\t<div class=\"elementor-icon-box-wrapper\">\n\n\t\t\t\t\t\t<div class=\"elementor-icon-box-icon\">\n\t\t\t\t<span  class=\"elementor-icon\">\n\t\t\t\t<i aria-hidden=\"true\" class=\"jki jki-weight-hanging-solid\"><\/i>\t\t\t\t<\/span>\n\t\t\t<\/div>\n\t\t\t\n\t\t\t\t\t\t<div class=\"elementor-icon-box-content\">\n\n\t\t\t\t\t\t\t\t\t<h3 class=\"elementor-icon-box-title\">\n\t\t\t\t\t\t<span  >\n\t\t\t\t\t\t\t360 ml\t\t\t\t\t\t<\/span>\n\t\t\t\t\t<\/h3>\n\t\t\t\t\n\t\t\t\t\n\t\t\t<\/div>\n\t\t\t\n\t\t<\/div>\n\t\t\t\t\t\t<\/div>\n\t\t\t\t<\/div>\n\t\t\t\t<div class=\"elementor-element elementor-element-c3679a2 elementor-view-framed elementor-position-left elementor-shape-circle elementor-mobile-position-top elementor-vertical-align-top elementor-widget elementor-widget-icon-box\" data-id=\"c3679a2\" data-element_type=\"widget\" data-widget_type=\"icon-box.default\">\n\t\t\t\t<div class=\"elementor-widget-container\">\n\t\t\t\t\t\t\t<div class=\"elementor-icon-box-wrapper\">\n\n\t\t\t\t\t\t<div class=\"elementor-icon-box-icon\">\n\t\t\t\t<span  class=\"elementor-icon\">\n\t\t\t\t<i aria-hidden=\"true\" class=\"jki jki-weight-hanging-solid\"><\/i>\t\t\t\t<\/span>\n\t\t\t<\/div>\n\t\t\t\n\t\t\t\t\t\t<div class=\"elementor-icon-box-content\">\n\n\t\t\t\t\t\t\t\t\t<h3 class=\"elementor-icon-box-title\">\n\t\t\t\t\t\t<span  >\n\t\t\t\t\t\t\t750 ml\t\t\t\t\t\t<\/span>\n\t\t\t\t\t<\/h3>\n\t\t\t\t\n\t\t\t\t\n\t\t\t<\/div>\n\t\t\t\n\t\t<\/div>\n\t\t\t\t\t\t<\/div>\n\t\t\t\t<\/div>\n\t\t\t\t<div class=\"elementor-element elementor-element-160b0dd elementor-widget elementor-widget-heading\" data-id=\"160b0dd\" data-element_type=\"widget\" data-widget_type=\"heading.default\">\n\t\t\t\t<div class=\"elementor-widget-container\">\n\t\t\t\t\t<h2 class=\"elementor-heading-title elementor-size-default\">Polvos:<\/h2>\t\t\t\t<\/div>\n\t\t\t\t<\/div>\n\t\t\t\t<div class=\"elementor-element elementor-element-4fb9140 elementor-view-framed elementor-position-left elementor-shape-circle elementor-mobile-position-top elementor-vertical-align-top elementor-widget elementor-widget-icon-box\" data-id=\"4fb9140\" data-element_type=\"widget\" data-widget_type=\"icon-box.default\">\n\t\t\t\t<div class=\"elementor-widget-container\">\n\t\t\t\t\t\t\t<div class=\"elementor-icon-box-wrapper\">\n\n\t\t\t\t\t\t<div class=\"elementor-icon-box-icon\">\n\t\t\t\t<span  class=\"elementor-icon\">\n\t\t\t\t<i aria-hidden=\"true\" class=\"jki jki-weight-hanging-solid\"><\/i>\t\t\t\t<\/span>\n\t\t\t<\/div>\n\t\t\t\n\t\t\t\t\t\t<div class=\"elementor-icon-box-content\">\n\n\t\t\t\t\t\t\t\t\t<h3 class=\"elementor-icon-box-title\">\n\t\t\t\t\t\t<span  >\n\t\t\t\t\t\t\t800 g\t\t\t\t\t\t<\/span>\n\t\t\t\t\t<\/h3>\n\t\t\t\t\n\t\t\t\t\n\t\t\t<\/div>\n\t\t\t\n\t\t<\/div>\n\t\t\t\t\t\t<\/div>\n\t\t\t\t<\/div>\n\t\t\t\t\t<\/div>\n\t\t<\/div>\n\t\t\t\t\t<\/div>\n\t\t<\/section>\n\t\t\t\t<\/div>\n\t\t<\/div><\/div><\/div><\/div>\t\t\t\t<\/div>\n\t\t\t\t<\/div>\n\t\t\t\t\t<\/div>\n\t\t<\/div>\n\t\t\t\t\t<\/div>\n\t\t<\/section>\n\t\t\t\t<section class=\"elementor-section elementor-top-section elementor-element elementor-element-7b92ef0 elementor-hidden-desktop elementor-hidden-laptop elementor-hidden-tablet elementor-hidden-mobile elementor-section-boxed elementor-section-height-default elementor-section-height-default wpr-particle-no wpr-jarallax-no wpr-parallax-no wpr-sticky-section-no\" data-id=\"7b92ef0\" data-element_type=\"section\">\n\t\t\t\t\t\t<div class=\"elementor-container elementor-column-gap-default\">\n\t\t\t\t\t<div class=\"elementor-column elementor-col-100 elementor-top-column elementor-element elementor-element-55de9bd0\" data-id=\"55de9bd0\" data-element_type=\"column\" data-settings=\"{&quot;background_background&quot;:&quot;classic&quot;}\">\n\t\t\t<div class=\"elementor-widget-wrap elementor-element-populated\">\n\t\t\t\t\t\t<div class=\"elementor-element elementor-element-6eac857b elementor-widget__width-auto elementor-widget elementor-widget-elementskit-header-info\" data-id=\"6eac857b\" data-element_type=\"widget\" data-widget_type=\"elementskit-header-info.default\">\n\t\t\t\t<div class=\"elementor-widget-container\">\n\t\t\t\t\t<div class=\"ekit-wid-con\" >        <ul class=\"ekit-header-info\">\n                                    <li>\n                            <a > \n                                <i aria-hidden=\"true\" class=\"jki jki-star-solid\"><\/i>                                Garant\u00eda de limpieza                            <\/a>\n                        <\/li>\n\n                            <\/ul>\n        <\/div>\t\t\t\t<\/div>\n\t\t\t\t<\/div>\n\t\t\t\t<div class=\"elementor-element elementor-element-10ce3b1 elementor-widget elementor-widget-text-editor\" data-id=\"10ce3b1\" data-element_type=\"widget\" data-widget_type=\"text-editor.default\">\n\t\t\t\t<div class=\"elementor-widget-container\">\n\t\t\t\t\t\t\t\t\t<p>Este producto cumple con el proposito del consumidor al 100%<\/p>\t\t\t\t\t\t\t\t<\/div>\n\t\t\t\t<\/div>\n\t\t\t\t\t<\/div>\n\t\t<\/div>\n\t\t\t\t\t<\/div>\n\t\t<\/section>\n\t\t\t\t<\/div>\n\t\t","protected":false},"excerpt":{"rendered":"<p>lavatrastes Lavatrastes Traz Traz Traz Traz lavatrastes con f\u00c3\u00b3rmula concentrada limpia, elimina la grasa y el cochambre dejando tus trastes libres de manchas dif\u00c3\u00adciles, contiene ingredientes naturales, que no maltrata tus manos, encu\u00c3\u00a9ntralos en sus diferentes aromas lim\u00c3\u00b3n y aloe. \u00e2\u20ac\u00a2 Poder Quita Grasa\u00e2\u20ac\u00a2 Biodegradable.\u00e2\u20ac\u00a2 Aromas lim\u00c3\u00b3n aloe.\u00e2\u20ac\u00a2 Con ingredientes naturales que no maltratan tus manos. Presentaci\u00c3\u00b3n: 360 ml 750 ml Polvos: 800 g Garant\u00c3\u00ada de limpieza Este producto cumple con el proposito del consumidor al 100%<\/p>\n","protected":false},"author":1,"featured_media":0,"parent":0,"menu_order":0,"comment_status":"closed","ping_status":"closed","template":"","meta":{"footnotes":"","_wp_rev_ctl_limit":""},"class_list":["post-2239","page","type-page","status-publish","hentry"],"yoast_head":"<!-- This site is optimized with the Yoast SEO plugin v25.5 - https:\/\/yoast.com\/wordpress\/plugins\/seo\/ -->\n<title>Detergentes lavatrastes - SASIL<\/title>\n<meta name=\"robots\" content=\"index, follow, max-snippet:-1, max-image-preview:large, max-video-preview:-1\" \/>\n<link rel=\"canonical\" href=\"https:\/\/sasil.mx\/?page_id=2239&lang=es\" \/>\n<meta property=\"og:locale\" content=\"es_MX\" \/>\n<meta property=\"og:type\" content=\"article\" \/>\n<meta property=\"og:title\" content=\"Detergentes lavatrastes - SASIL\" \/>\n<meta property=\"og:description\" content=\"lavatrastes Lavatrastes Traz Traz Traz Traz lavatrastes con f\u00c3\u00b3rmula concentrada limpia, elimina la grasa y el cochambre dejando tus trastes libres de manchas dif\u00c3\u00adciles, contiene ingredientes naturales, que no maltrata tus manos, encu\u00c3\u00a9ntralos en sus diferentes aromas lim\u00c3\u00b3n y aloe. \u00e2\u20ac\u00a2 Poder Quita Grasa\u00e2\u20ac\u00a2 Biodegradable.\u00e2\u20ac\u00a2 Aromas lim\u00c3\u00b3n aloe.\u00e2\u20ac\u00a2 Con ingredientes naturales que no maltratan tus manos. Presentaci\u00c3\u00b3n: 360 ml 750 ml Polvos: 800 g Garant\u00c3\u00ada de limpieza Este producto cumple con el proposito del consumidor al 100%\" \/>\n<meta property=\"og:url\" content=\"https:\/\/sasil.mx\/?page_id=2239&amp;lang=es\" \/>\n<meta property=\"og:site_name\" content=\"SASIL\" \/>\n<meta property=\"article:modified_time\" content=\"2024-04-19T16:01:40+00:00\" \/>\n<meta property=\"og:image\" content=\"http:\/\/sasil.mx\/wp-content\/uploads\/2023\/11\/limon.png\" \/>\n<meta name=\"twitter:card\" content=\"summary_large_image\" \/>\n<meta name=\"twitter:label1\" content=\"Tiempo de lectura\" \/>\n\t<meta name=\"twitter:data1\" content=\"1 minuto\" \/>\n<script type=\"application\/ld+json\" class=\"yoast-schema-graph\">{\"@context\":\"https:\/\/schema.org\",\"@graph\":[{\"@type\":\"WebPage\",\"@id\":\"https:\/\/sasil.mx\/?page_id=2239&lang=es\",\"url\":\"https:\/\/sasil.mx\/?page_id=2239&lang=es\",\"name\":\"Detergentes lavatrastes - SASIL\",\"isPartOf\":{\"@id\":\"https:\/\/sasil.mx\/#website\"},\"primaryImageOfPage\":{\"@id\":\"https:\/\/sasil.mx\/?page_id=2239&lang=es#primaryimage\"},\"image\":{\"@id\":\"https:\/\/sasil.mx\/?page_id=2239&lang=es#primaryimage\"},\"thumbnailUrl\":\"http:\/\/sasil.mx\/wp-content\/uploads\/2023\/11\/limon.png\",\"datePublished\":\"2023-12-16T07:34:20+00:00\",\"dateModified\":\"2024-04-19T16:01:40+00:00\",\"breadcrumb\":{\"@id\":\"https:\/\/sasil.mx\/?page_id=2239&lang=es#breadcrumb\"},\"inLanguage\":\"es\",\"potentialAction\":[{\"@type\":\"ReadAction\",\"target\":[\"https:\/\/sasil.mx\/?page_id=2239&lang=es\"]}]},{\"@type\":\"ImageObject\",\"inLanguage\":\"es\",\"@id\":\"https:\/\/sasil.mx\/?page_id=2239&lang=es#primaryimage\",\"url\":\"https:\/\/sasil.mx\/wp-content\/uploads\/2023\/11\/limon.png\",\"contentUrl\":\"https:\/\/sasil.mx\/wp-content\/uploads\/2023\/11\/limon.png\",\"width\":800,\"height\":800},{\"@type\":\"BreadcrumbList\",\"@id\":\"https:\/\/sasil.mx\/?page_id=2239&lang=es#breadcrumb\",\"itemListElement\":[{\"@type\":\"ListItem\",\"position\":1,\"name\":\"Inicio\",\"item\":\"https:\/\/sasil.mx\/?lang=es\"},{\"@type\":\"ListItem\",\"position\":2,\"name\":\"Detergentes lavatrastes\"}]},{\"@type\":\"WebSite\",\"@id\":\"https:\/\/sasil.mx\/#website\",\"url\":\"https:\/\/sasil.mx\/\",\"name\":\"SASIL\",\"description\":\"Detergentes y Jabones\",\"potentialAction\":[{\"@type\":\"SearchAction\",\"target\":{\"@type\":\"EntryPoint\",\"urlTemplate\":\"https:\/\/sasil.mx\/?s={search_term_string}\"},\"query-input\":{\"@type\":\"PropertyValueSpecification\",\"valueRequired\":true,\"valueName\":\"search_term_string\"}}],\"inLanguage\":\"es\"}]}<\/script>\n<!-- \/ Yoast SEO plugin. -->","yoast_head_json":{"title":"Detergentes lavatrastes - SASIL","robots":{"index":"index","follow":"follow","max-snippet":"max-snippet:-1","max-image-preview":"max-image-preview:large","max-video-preview":"max-video-preview:-1"},"canonical":"https:\/\/sasil.mx\/?page_id=2239&lang=es","og_locale":"es_MX","og_type":"article","og_title":"Detergentes lavatrastes - SASIL","og_description":"lavatrastes Lavatrastes Traz Traz Traz Traz lavatrastes con f\u00c3\u00b3rmula concentrada limpia, elimina la grasa y el cochambre dejando tus trastes libres de manchas dif\u00c3\u00adciles, contiene ingredientes naturales, que no maltrata tus manos, encu\u00c3\u00a9ntralos en sus diferentes aromas lim\u00c3\u00b3n y aloe. \u00e2\u20ac\u00a2 Poder Quita Grasa\u00e2\u20ac\u00a2 Biodegradable.\u00e2\u20ac\u00a2 Aromas lim\u00c3\u00b3n aloe.\u00e2\u20ac\u00a2 Con ingredientes naturales que no maltratan tus manos. Presentaci\u00c3\u00b3n: 360 ml 750 ml Polvos: 800 g Garant\u00c3\u00ada de limpieza Este producto cumple con el proposito del consumidor al 100%","og_url":"https:\/\/sasil.mx\/?page_id=2239&lang=es","og_site_name":"SASIL","article_modified_time":"2024-04-19T16:01:40+00:00","og_image":[{"url":"http:\/\/sasil.mx\/wp-content\/uploads\/2023\/11\/limon.png","type":"","width":"","height":""}],"twitter_card":"summary_large_image","twitter_misc":{"Tiempo de lectura":"1 minuto"},"schema":{"@context":"https:\/\/schema.org","@graph":[{"@type":"WebPage","@id":"https:\/\/sasil.mx\/?page_id=2239&lang=es","url":"https:\/\/sasil.mx\/?page_id=2239&lang=es","name":"Detergentes lavatrastes - SASIL","isPartOf":{"@id":"https:\/\/sasil.mx\/#website"},"primaryImageOfPage":{"@id":"https:\/\/sasil.mx\/?page_id=2239&lang=es#primaryimage"},"image":{"@id":"https:\/\/sasil.mx\/?page_id=2239&lang=es#primaryimage"},"thumbnailUrl":"http:\/\/sasil.mx\/wp-content\/uploads\/2023\/11\/limon.png","datePublished":"2023-12-16T07:34:20+00:00","dateModified":"2024-04-19T16:01:40+00:00","breadcrumb":{"@id":"https:\/\/sasil.mx\/?page_id=2239&lang=es#breadcrumb"},"inLanguage":"es","potentialAction":[{"@type":"ReadAction","target":["https:\/\/sasil.mx\/?page_id=2239&lang=es"]}]},{"@type":"ImageObject","inLanguage":"es","@id":"https:\/\/sasil.mx\/?page_id=2239&lang=es#primaryimage","url":"https:\/\/sasil.mx\/wp-content\/uploads\/2023\/11\/limon.png","contentUrl":"https:\/\/sasil.mx\/wp-content\/uploads\/2023\/11\/limon.png","width":800,"height":800},{"@type":"BreadcrumbList","@id":"https:\/\/sasil.mx\/?page_id=2239&lang=es#breadcrumb","itemListElement":[{"@type":"ListItem","position":1,"name":"Inicio","item":"https:\/\/sasil.mx\/?lang=es"},{"@type":"ListItem","position":2,"name":"Detergentes lavatrastes"}]},{"@type":"WebSite","@id":"https:\/\/sasil.mx\/#website","url":"https:\/\/sasil.mx\/","name":"SASIL","description":"Detergentes y Jabones","potentialAction":[{"@type":"SearchAction","target":{"@type":"EntryPoint","urlTemplate":"https:\/\/sasil.mx\/?s={search_term_string}"},"query-input":{"@type":"PropertyValueSpecification","valueRequired":true,"valueName":"search_term_string"}}],"inLanguage":"es"}]}},"lang":"es","translations":{"es":2239,"en":3189},"pll_sync_post":[],"_links":{"self":[{"href":"https:\/\/sasil.mx\/index.php?rest_route=\/wp\/v2\/pages\/2239","targetHints":{"allow":["GET"]}}],"collection":[{"href":"https:\/\/sasil.mx\/index.php?rest_route=\/wp\/v2\/pages"}],"about":[{"href":"https:\/\/sasil.mx\/index.php?rest_route=\/wp\/v2\/types\/page"}],"author":[{"embeddable":true,"href":"https:\/\/sasil.mx\/index.php?rest_route=\/wp\/v2\/users\/1"}],"replies":[{"embeddable":true,"href":"https:\/\/sasil.mx\/index.php?rest_route=%2Fwp%2Fv2%2Fcomments&post=2239"}],"version-history":[{"count":0,"href":"https:\/\/sasil.mx\/index.php?rest_route=\/wp\/v2\/pages\/2239\/revisions"}],"wp:attachment":[{"href":"https:\/\/sasil.mx\/index.php?rest_route=%2Fwp%2Fv2%2Fmedia&parent=2239"}],"curies":[{"name":"wp","href":"https:\/\/api.w.org\/{rel}","templated":true}]}}